{"id":177,"date":"2021-02-24T14:59:09","date_gmt":"2021-02-24T13:59:09","guid":{"rendered":"http:\/\/patrimoinelesvalayans.fr\/?page_id=177"},"modified":"2021-12-20T10:33:10","modified_gmt":"2021-12-20T09:33:10","slug":"comment-nous-aider","status":"publish","type":"page","link":"https:\/\/patrimoinelesvalayans.fr\/?page_id=177","title":{"rendered":"Comment nous aider"},"content":{"rendered":"\t\t<div data-elementor-type=\"wp-page\" data-elementor-id=\"177\" class=\"elementor elementor-177\">\n\t\t\t\t\t\t\t\t\t<section class=\"elementor-section elementor-top-section elementor-element elementor-element-ddf072f elementor-section-boxed elementor-section-height-default elementor-section-height-default\" data-id=\"ddf072f\" data-element_type=\"section\">\n\t\t\t\t\t\t<div class=\"elementor-container elementor-column-gap-default\">\n\t\t\t\t\t<div class=\"elementor-column elementor-col-100 elementor-top-column elementor-element elementor-element-7f29cd3\" data-id=\"7f29cd3\" data-element_type=\"column\">\n\t\t\t<div class=\"elementor-widget-wrap elementor-element-populated\">\n\t\t\t\t\t\t\t\t<div class=\"elementor-element elementor-element-9ccd007 elementor-widget elementor-widget-spacer\" data-id=\"9ccd007\" data-element_type=\"widget\" data-widget_type=\"spacer.default\">\n\t\t\t\t<div class=\"elementor-widget-container\">\n\t\t\t\t\t<div class=\"elementor-spacer\">\n\t\t\t<div class=\"elementor-spacer-inner\"><\/div>\n\t\t<\/div>\n\t\t\t\t<\/div>\n\t\t\t\t<\/div>\n\t\t\t\t<section class=\"elementor-section elementor-inner-section elementor-element elementor-element-be1b8c7 elementor-section-boxed elementor-section-height-default elementor-section-height-default\" data-id=\"be1b8c7\" data-element_type=\"section\">\n\t\t\t\t\t\t<div class=\"elementor-container elementor-column-gap-default\">\n\t\t\t\t\t<div class=\"elementor-column elementor-col-50 elementor-inner-column elementor-element elementor-element-d30cd0e\" data-id=\"d30cd0e\" data-element_type=\"column\">\n\t\t\t<div class=\"elementor-widget-wrap elementor-element-populated\">\n\t\t\t\t\t\t\t\t<div class=\"elementor-element elementor-element-878b7ab elementor-widget elementor-widget-text-editor\" data-id=\"878b7ab\" data-element_type=\"widget\" data-widget_type=\"text-editor.default\">\n\t\t\t\t<div class=\"elementor-widget-container\">\n\t\t\t\t\t\t\t<p>\u00a0<\/p><p>L&rsquo;Association des \u0152uvres Paroissiales des Valayans s&rsquo;est donn\u00e9 comme principal objectif la <strong>restauration de l&rsquo;\u00e9glise du hameau des Valayans<\/strong>, construite en 1855 sous le vocable de Notre-Dame de l&rsquo;Immacul\u00e9e Conception, et inscrite depuis 2014 au titre des Monuments Historiques.<\/p>\t\t\t\t\t\t<\/div>\n\t\t\t\t<\/div>\n\t\t\t\t\t<\/div>\n\t\t<\/div>\n\t\t\t\t<div class=\"elementor-column elementor-col-50 elementor-inner-column elementor-element elementor-element-33c4eab\" data-id=\"33c4eab\" data-element_type=\"column\">\n\t\t\t<div class=\"elementor-widget-wrap elementor-element-populated\">\n\t\t\t\t\t\t\t\t<div class=\"elementor-element elementor-element-72bbf86 elementor-widget elementor-widget-image\" data-id=\"72bbf86\" data-element_type=\"widget\" data-widget_type=\"image.default\">\n\t\t\t\t<div class=\"elementor-widget-container\">\n\t\t\t\t\t\t\t\t\t\t\t\t<figure class=\"wp-caption\">\n\t\t\t\t\t\t\t\t\t\t<img loading=\"lazy\" decoding=\"async\" width=\"1200\" height=\"800\" src=\"https:\/\/patrimoinelesvalayans.fr\/wp-content\/uploads\/2021\/03\/Restauration.jpg\" class=\"attachment-large size-large wp-image-483\" alt=\"\" srcset=\"https:\/\/patrimoinelesvalayans.fr\/wp-content\/uploads\/2021\/03\/Restauration.jpg 1200w, https:\/\/patrimoinelesvalayans.fr\/wp-content\/uploads\/2021\/03\/Restauration-300x200.jpg 300w, https:\/\/patrimoinelesvalayans.fr\/wp-content\/uploads\/2021\/03\/Restauration-768x512.jpg 768w\" sizes=\"(max-width: 1200px) 100vw, 1200px\" \/>\t\t\t\t\t\t\t\t\t\t\t<figcaption class=\"widget-image-caption wp-caption-text\">Fissure sur le mur ouest<\/figcaption>\n\t\t\t\t\t\t\t\t\t\t<\/figure>\n\t\t\t\t\t\t\t\t\t<\/div>\n\t\t\t\t<\/div>\n\t\t\t\t\t<\/div>\n\t\t<\/div>\n\t\t\t\t\t\t\t<\/div>\n\t\t<\/section>\n\t\t\t\t\t<\/div>\n\t\t<\/div>\n\t\t\t\t\t\t\t<\/div>\n\t\t<\/section>\n\t\t\t\t<section class=\"elementor-section elementor-top-section elementor-element elementor-element-06358a1 elementor-section-boxed elementor-section-height-default elementor-section-height-default\" data-id=\"06358a1\" data-element_type=\"section\">\n\t\t\t\t\t\t<div class=\"elementor-container elementor-column-gap-default\">\n\t\t\t\t\t<div class=\"elementor-column elementor-col-100 elementor-top-column elementor-element elementor-element-f1770d0\" data-id=\"f1770d0\" data-element_type=\"column\">\n\t\t\t<div class=\"elementor-widget-wrap elementor-element-populated\">\n\t\t\t\t\t\t\t\t<div class=\"elementor-element elementor-element-a3928aa elementor-widget elementor-widget-spacer\" data-id=\"a3928aa\" data-element_type=\"widget\" data-widget_type=\"spacer.default\">\n\t\t\t\t<div class=\"elementor-widget-container\">\n\t\t\t\t\t<div class=\"elementor-spacer\">\n\t\t\t<div class=\"elementor-spacer-inner\"><\/div>\n\t\t<\/div>\n\t\t\t\t<\/div>\n\t\t\t\t<\/div>\n\t\t\t\t\t<\/div>\n\t\t<\/div>\n\t\t\t\t\t\t\t<\/div>\n\t\t<\/section>\n\t\t\t\t<section class=\"elementor-section elementor-top-section elementor-element elementor-element-7180fab elementor-section-boxed elementor-section-height-default elementor-section-height-default\" data-id=\"7180fab\" data-element_type=\"section\">\n\t\t\t\t\t\t<div class=\"elementor-container elementor-column-gap-default\">\n\t\t\t\t\t<div class=\"elementor-column elementor-col-100 elementor-top-column elementor-element elementor-element-7708017\" data-id=\"7708017\" data-element_type=\"column\">\n\t\t\t<div class=\"elementor-widget-wrap elementor-element-populated\">\n\t\t\t\t\t\t\t\t<div class=\"elementor-element elementor-element-664102c elementor-widget elementor-widget-text-editor\" data-id=\"664102c\" data-element_type=\"widget\" data-widget_type=\"text-editor.default\">\n\t\t\t\t<div class=\"elementor-widget-container\">\n\t\t\t\t\t\t\t<p><span style=\"text-decoration: underline;\">Les besoins de restauration sont multiples<\/span> :\u00a0 \u00a0 \u00a0 \u00a0 \u00a0 \u00a0 \u00a0 \u00a0 \u00a0<\/p><p>* Une analyse de la structure m\u00eame du b\u00e2timent est en cours, conduite par un architecte sp\u00e9cialis\u00e9 dans le patrimoine historique. En effet, des fissures sont apparues, notamment sur le mur ouest..<br \/>* La principale restauration portera sur les fresques, r\u00e9alis\u00e9es au XIXe si\u00e8cle par le peintre avignonnais Charles BARBANTAN, et qui font de cette \u00e9glise la seule enti\u00e8rement peinte du Vaucluse<br \/>* Les stalles et boiseries ( chaire, confessionnal, banc des marguilliers.. ) ont \u00e9t\u00e9 \u00e9galement d\u00e9grad\u00e9es par le temps, et des r\u00e9parations sont n\u00e9cessaires<br \/>* Enfin, doivent \u00e9galement \u00eatre restaur\u00e9es : les statues, les stations du Chemin de Croix, et la banni\u00e8re de Sainte-Philom\u00e8ne<\/p>\t\t\t\t\t\t<\/div>\n\t\t\t\t<\/div>\n\t\t\t\t\t<\/div>\n\t\t<\/div>\n\t\t\t\t\t\t\t<\/div>\n\t\t<\/section>\n\t\t\t\t<section class=\"elementor-section elementor-top-section elementor-element elementor-element-8780c80 elementor-section-boxed elementor-section-height-default elementor-section-height-default\" data-id=\"8780c80\" data-element_type=\"section\">\n\t\t\t\t\t\t<div class=\"elementor-container elementor-column-gap-default\">\n\t\t\t\t\t<div class=\"elementor-column elementor-col-100 elementor-top-column elementor-element elementor-element-c474caf\" data-id=\"c474caf\" data-element_type=\"column\">\n\t\t\t<div class=\"elementor-widget-wrap elementor-element-populated\">\n\t\t\t\t\t\t\t\t<div class=\"elementor-element elementor-element-78f8067 elementor-widget elementor-widget-spacer\" data-id=\"78f8067\" data-element_type=\"widget\" data-widget_type=\"spacer.default\">\n\t\t\t\t<div class=\"elementor-widget-container\">\n\t\t\t\t\t<div class=\"elementor-spacer\">\n\t\t\t<div class=\"elementor-spacer-inner\"><\/div>\n\t\t<\/div>\n\t\t\t\t<\/div>\n\t\t\t\t<\/div>\n\t\t\t\t\t<\/div>\n\t\t<\/div>\n\t\t\t\t\t\t\t<\/div>\n\t\t<\/section>\n\t\t\t\t<section class=\"elementor-section elementor-top-section elementor-element elementor-element-8c0c6e6 elementor-section-boxed elementor-section-height-default elementor-section-height-default\" data-id=\"8c0c6e6\" data-element_type=\"section\">\n\t\t\t\t\t\t<div class=\"elementor-container elementor-column-gap-default\">\n\t\t\t\t\t<div class=\"elementor-column elementor-col-100 elementor-top-column elementor-element elementor-element-fce3ff5\" data-id=\"fce3ff5\" data-element_type=\"column\">\n\t\t\t<div class=\"elementor-widget-wrap elementor-element-populated\">\n\t\t\t\t\t\t\t\t<section class=\"elementor-section elementor-inner-section elementor-element elementor-element-46d6466 elementor-section-boxed elementor-section-height-default elementor-section-height-default\" data-id=\"46d6466\" data-element_type=\"section\">\n\t\t\t\t\t\t<div class=\"elementor-container elementor-column-gap-default\">\n\t\t\t\t\t<div class=\"elementor-column elementor-col-50 elementor-inner-column elementor-element elementor-element-635bb9b\" data-id=\"635bb9b\" data-element_type=\"column\">\n\t\t\t<div class=\"elementor-widget-wrap elementor-element-populated\">\n\t\t\t\t\t\t\t\t<div class=\"elementor-element elementor-element-ee736df elementor-widget elementor-widget-image\" data-id=\"ee736df\" data-element_type=\"widget\" data-widget_type=\"image.default\">\n\t\t\t\t<div class=\"elementor-widget-container\">\n\t\t\t\t\t\t\t\t\t\t\t\t<figure class=\"wp-caption\">\n\t\t\t\t\t\t\t\t\t\t<img loading=\"lazy\" decoding=\"async\" width=\"912\" height=\"1024\" src=\"https:\/\/patrimoinelesvalayans.fr\/wp-content\/uploads\/2021\/04\/Banniere-de-Sainte-Philomene-1-Copie-912x1024.jpg\" class=\"attachment-large size-large wp-image-1664\" alt=\"\" srcset=\"https:\/\/patrimoinelesvalayans.fr\/wp-content\/uploads\/2021\/04\/Banniere-de-Sainte-Philomene-1-Copie-912x1024.jpg 912w, https:\/\/patrimoinelesvalayans.fr\/wp-content\/uploads\/2021\/04\/Banniere-de-Sainte-Philomene-1-Copie-267x300.jpg 267w, https:\/\/patrimoinelesvalayans.fr\/wp-content\/uploads\/2021\/04\/Banniere-de-Sainte-Philomene-1-Copie-768x862.jpg 768w, https:\/\/patrimoinelesvalayans.fr\/wp-content\/uploads\/2021\/04\/Banniere-de-Sainte-Philomene-1-Copie.jpg 978w\" sizes=\"(max-width: 912px) 100vw, 912px\" \/>\t\t\t\t\t\t\t\t\t\t\t<figcaption class=\"widget-image-caption wp-caption-text\">Banni\u00e8re de Sainte-Philom\u00e8ne <\/figcaption>\n\t\t\t\t\t\t\t\t\t\t<\/figure>\n\t\t\t\t\t\t\t\t\t<\/div>\n\t\t\t\t<\/div>\n\t\t\t\t\t<\/div>\n\t\t<\/div>\n\t\t\t\t<div class=\"elementor-column elementor-col-50 elementor-inner-column elementor-element elementor-element-625ba88\" data-id=\"625ba88\" data-element_type=\"column\">\n\t\t\t<div class=\"elementor-widget-wrap elementor-element-populated\">\n\t\t\t\t\t\t\t\t<div class=\"elementor-element elementor-element-488c95b elementor-widget elementor-widget-text-editor\" data-id=\"488c95b\" data-element_type=\"widget\" data-widget_type=\"text-editor.default\">\n\t\t\t\t<div class=\"elementor-widget-container\">\n\t\t\t\t\t\t\t<p>D&rsquo;autres projets sont aussi \u00e0 l&rsquo;\u00e9tude pour profiter au mieux de ce merveilleux d\u00e9cor : nouvel \u00e9clairage avec sc\u00e9nographie, nouvelle sonorisation, installation d&rsquo;une alarme anti-intrusion et d&rsquo;une vid\u00e9o-surveillance.<\/p><p>L&rsquo;Association est soutenue par la <strong><a href=\"https:\/\/www.perneslesfontaines.fr\/\" target=\"_blank\" rel=\"noopener\">Mairie de Pernes-les-Fontaines<\/a><\/strong> et a d\u00e9pos\u00e9 plusieurs dossiers de demandes de subventions, en attente de d\u00e9cision. Dans l&rsquo;imm\u00e9diat, elle a pu enti\u00e8rement restaurer les fonts baptismaux, la Salle du Tr\u00e9sor, 8 stations du Chemin de Croix (sur 14) et la Grande Croix.<\/p><p>Nous avons besoin de votre aide pour continuer cette belle \u0153uvre et rendre \u00e0 notre \u00e9glise son lustre d&rsquo;antan. Des dons d\u00e9fiscalis\u00e9s sont possibles.<\/p><p>D&rsquo;avance, merci !<\/p>\t\t\t\t\t\t<\/div>\n\t\t\t\t<\/div>\n\t\t\t\t\t<\/div>\n\t\t<\/div>\n\t\t\t\t\t\t\t<\/div>\n\t\t<\/section>\n\t\t\t\t\t<\/div>\n\t\t<\/div>\n\t\t\t\t\t\t\t<\/div>\n\t\t<\/section>\n\t\t\t\t<section class=\"elementor-section elementor-top-section elementor-element elementor-element-a31f978 elementor-section-boxed elementor-section-height-default elementor-section-height-default\" data-id=\"a31f978\" data-element_type=\"section\">\n\t\t\t\t\t\t<div class=\"elementor-container elementor-column-gap-default\">\n\t\t\t\t\t<div class=\"elementor-column elementor-col-100 elementor-top-column elementor-element elementor-element-e977c26\" data-id=\"e977c26\" data-element_type=\"column\">\n\t\t\t<div class=\"elementor-widget-wrap\">\n\t\t\t\t\t\t\t\t\t<\/div>\n\t\t<\/div>\n\t\t\t\t\t\t\t<\/div>\n\t\t<\/section>\n\t\t\t\t<section class=\"elementor-section elementor-top-section elementor-element elementor-element-9f00b91 elementor-section-boxed elementor-section-height-default elementor-section-height-default\" data-id=\"9f00b91\" data-element_type=\"section\">\n\t\t\t\t\t\t<div class=\"elementor-container elementor-column-gap-default\">\n\t\t\t\t\t<div class=\"elementor-column elementor-col-100 elementor-top-column elementor-element elementor-element-21fd261\" data-id=\"21fd261\" data-element_type=\"column\">\n\t\t\t<div class=\"elementor-widget-wrap elementor-element-populated\">\n\t\t\t\t\t\t\t\t<div class=\"elementor-element elementor-element-fd9ad68 elementor-align-center elementor-widget elementor-widget-button\" data-id=\"fd9ad68\" data-element_type=\"widget\" data-widget_type=\"button.default\">\n\t\t\t\t<div class=\"elementor-widget-container\">\n\t\t\t\t\t<div class=\"elementor-button-wrapper\">\n\t\t\t<a href=\"https:\/\/www.helloasso.com\/associations\/association-des-oeuvres-paroissiales-des-valayans\/formulaires\/1\/widget\" target=\"_blank\" class=\"elementor-button-link elementor-button elementor-size-xl\" role=\"button\">\n\t\t\t\t\t\t<span class=\"elementor-button-content-wrapper\">\n\t\t\t\t\t\t<span class=\"elementor-button-text\">Faire un don par CB<\/span>\n\t\t<\/span>\n\t\t\t\t\t<\/a>\n\t\t<\/div>\n\t\t\t\t<\/div>\n\t\t\t\t<\/div>\n\t\t\t\t<div class=\"elementor-element elementor-element-7fe1cad elementor-align-center elementor-widget elementor-widget-button\" data-id=\"7fe1cad\" data-element_type=\"widget\" data-widget_type=\"button.default\">\n\t\t\t\t<div class=\"elementor-widget-container\">\n\t\t\t\t\t<div class=\"elementor-button-wrapper\">\n\t\t\t<a href=\"http:\/\/patrimoinelesvalayans.fr\/?page_id=1606\" target=\"_blank\" class=\"elementor-button-link elementor-button elementor-size-xl\" role=\"button\">\n\t\t\t\t\t\t<span class=\"elementor-button-content-wrapper\">\n\t\t\t\t\t\t<span class=\"elementor-button-text\">Faire un don par ch\u00e8que<\/span>\n\t\t<\/span>\n\t\t\t\t\t<\/a>\n\t\t<\/div>\n\t\t\t\t<\/div>\n\t\t\t\t<\/div>\n\t\t\t\t\t<\/div>\n\t\t<\/div>\n\t\t\t\t\t\t\t<\/div>\n\t\t<\/section>\n\t\t\t\t\t\t\t<\/div>\n\t\t","protected":false},"excerpt":{"rendered":"<p>\u00a0 L&rsquo;Association des \u0152uvres Paroissiales des Valayans s&rsquo;est donn\u00e9 comme principal objectif la restauration de l&rsquo;\u00e9glise du hameau des Valayans, construite en 1855 sous le vocable de Notre-Dame de l&rsquo;Immacul\u00e9e Conception, et inscrite depuis 2014 au titre des Monuments Historiques. Fissure sur le mur ouest Les besoins de restauration sont multiples :\u00a0 \u00a0 \u00a0 \u00a0 [&hellip;]<\/p>\n","protected":false},"author":1,"featured_media":0,"parent":0,"menu_order":0,"comment_status":"closed","ping_status":"closed","template":"","meta":{"footnotes":""},"_links":{"self":[{"href":"https:\/\/patrimoinelesvalayans.fr\/index.php?rest_route=\/wp\/v2\/pages\/177"}],"collection":[{"href":"https:\/\/patrimoinelesvalayans.fr\/index.php?rest_route=\/wp\/v2\/pages"}],"about":[{"href":"https:\/\/patrimoinelesvalayans.fr\/index.php?rest_route=\/wp\/v2\/types\/page"}],"author":[{"embeddable":true,"href":"https:\/\/patrimoinelesvalayans.fr\/index.php?rest_route=\/wp\/v2\/users\/1"}],"replies":[{"embeddable":true,"href":"https:\/\/patrimoinelesvalayans.fr\/index.php?rest_route=%2Fwp%2Fv2%2Fcomments&post=177"}],"version-history":[{"count":211,"href":"https:\/\/patrimoinelesvalayans.fr\/index.php?rest_route=\/wp\/v2\/pages\/177\/revisions"}],"predecessor-version":[{"id":5634,"href":"https:\/\/patrimoinelesvalayans.fr\/index.php?rest_route=\/wp\/v2\/pages\/177\/revisions\/5634"}],"wp:attachment":[{"href":"https:\/\/patrimoinelesvalayans.fr\/index.php?rest_route=%2Fwp%2Fv2%2Fmedia&parent=177"}],"curies":[{"name":"wp","href":"https:\/\/api.w.org\/{rel}","templated":true}]}}