{"id":2020,"date":"2021-04-12T16:39:17","date_gmt":"2021-04-12T14:39:17","guid":{"rendered":"http:\/\/patrimoinelesvalayans.fr\/?page_id=2020"},"modified":"2021-04-12T18:50:54","modified_gmt":"2021-04-12T16:50:54","slug":"la-creche-de-gerard","status":"publish","type":"page","link":"https:\/\/patrimoinelesvalayans.fr\/?page_id=2020","title":{"rendered":"LA CR\u00c8CHE DE G\u00c9RARD"},"content":{"rendered":"\t\t<div data-elementor-type=\"wp-page\" data-elementor-id=\"2020\" class=\"elementor elementor-2020\">\n\t\t\t\t\t\t\t\t\t<section class=\"elementor-section elementor-top-section elementor-element elementor-element-f25abf0 elementor-section-boxed elementor-section-height-default elementor-section-height-default\" data-id=\"f25abf0\" data-element_type=\"section\">\n\t\t\t\t\t\t<div class=\"elementor-container elementor-column-gap-default\">\n\t\t\t\t\t<div class=\"elementor-column elementor-col-100 elementor-top-column elementor-element elementor-element-e23adbc\" data-id=\"e23adbc\" data-element_type=\"column\">\n\t\t\t<div class=\"elementor-widget-wrap elementor-element-populated\">\n\t\t\t\t\t\t\t\t<div class=\"elementor-element elementor-element-69bdc6f elementor-widget elementor-widget-spacer\" data-id=\"69bdc6f\" data-element_type=\"widget\" data-widget_type=\"spacer.default\">\n\t\t\t\t<div class=\"elementor-widget-container\">\n\t\t\t\t\t<div class=\"elementor-spacer\">\n\t\t\t<div class=\"elementor-spacer-inner\"><\/div>\n\t\t<\/div>\n\t\t\t\t<\/div>\n\t\t\t\t<\/div>\n\t\t\t\t\t<\/div>\n\t\t<\/div>\n\t\t\t\t\t\t\t<\/div>\n\t\t<\/section>\n\t\t\t\t<section class=\"elementor-section elementor-top-section elementor-element elementor-element-e097c69 elementor-section-boxed elementor-section-height-default elementor-section-height-default\" data-id=\"e097c69\" data-element_type=\"section\">\n\t\t\t\t\t\t<div class=\"elementor-container elementor-column-gap-default\">\n\t\t\t\t\t<div class=\"elementor-column elementor-col-100 elementor-top-column elementor-element elementor-element-c76a89d\" data-id=\"c76a89d\" data-element_type=\"column\">\n\t\t\t<div class=\"elementor-widget-wrap elementor-element-populated\">\n\t\t\t\t\t\t\t\t<section class=\"elementor-section elementor-inner-section elementor-element elementor-element-f8fad3b elementor-section-boxed elementor-section-height-default elementor-section-height-default\" data-id=\"f8fad3b\" data-element_type=\"section\">\n\t\t\t\t\t\t<div class=\"elementor-container elementor-column-gap-default\">\n\t\t\t\t\t<div class=\"elementor-column elementor-col-50 elementor-inner-column elementor-element elementor-element-448ae4f\" data-id=\"448ae4f\" data-element_type=\"column\">\n\t\t\t<div class=\"elementor-widget-wrap elementor-element-populated\">\n\t\t\t\t\t\t\t\t<div class=\"elementor-element elementor-element-2274c25 elementor-widget elementor-widget-text-editor\" data-id=\"2274c25\" data-element_type=\"widget\" data-widget_type=\"text-editor.default\">\n\t\t\t\t<div class=\"elementor-widget-container\">\n\t\t\t\t\t\t\t<p>\u00a0<\/p><p>Les premi\u00e8res cr\u00e8ches dans l&rsquo;\u00e9glise des Valayans remontent aux ann\u00e9es 1930. Elles furent cr\u00e9\u00e9es par Ir\u00e8ne et Simone, les s\u0153urs de G\u00e9rard, aujourd&rsquo;hui d\u00e9c\u00e9d\u00e9es.\u00a0<\/p><p>A l&rsquo;\u00e9poque, seule la Nativit\u00e9 \u00e9tait repr\u00e9sent\u00e9e et la cr\u00e8che n&rsquo;\u00e9tait visible que pendant les offices religieux.\u00a0<\/p><p>G\u00e9rard prit le relais de ses s\u0153urs dans les ann\u00e9es 1950.\u00a0<\/p><p>D&rsquo;abord assembl\u00e9e dans la chapelle de la Sainte-Vierge, ce n&rsquo;est qu&rsquo;en 1995 que la cr\u00e8che prit place dans le ch\u0153ur de l&rsquo;\u00e9glise, avec l&rsquo;accord du P\u00e8re Barnoin.<\/p>\t\t\t\t\t\t<\/div>\n\t\t\t\t<\/div>\n\t\t\t\t\t<\/div>\n\t\t<\/div>\n\t\t\t\t<div class=\"elementor-column elementor-col-50 elementor-inner-column elementor-element elementor-element-4b5683e\" data-id=\"4b5683e\" data-element_type=\"column\">\n\t\t\t<div class=\"elementor-widget-wrap elementor-element-populated\">\n\t\t\t\t\t\t\t\t<div class=\"elementor-element elementor-element-1c1e1a3 elementor-widget elementor-widget-image\" data-id=\"1c1e1a3\" data-element_type=\"widget\" data-widget_type=\"image.default\">\n\t\t\t\t<div class=\"elementor-widget-container\">\n\t\t\t\t\t\t\t\t\t\t\t\t\t\t\t<img loading=\"lazy\" decoding=\"async\" width=\"768\" height=\"752\" src=\"https:\/\/patrimoinelesvalayans.fr\/wp-content\/uploads\/2021\/04\/Gerard-et-ses-soeurs-pour-site.-768x752.jpg\" class=\"attachment-medium_large size-medium_large wp-image-2025\" alt=\"\" srcset=\"https:\/\/patrimoinelesvalayans.fr\/wp-content\/uploads\/2021\/04\/Gerard-et-ses-soeurs-pour-site.-768x752.jpg 768w, https:\/\/patrimoinelesvalayans.fr\/wp-content\/uploads\/2021\/04\/Gerard-et-ses-soeurs-pour-site.-300x294.jpg 300w, https:\/\/patrimoinelesvalayans.fr\/wp-content\/uploads\/2021\/04\/Gerard-et-ses-soeurs-pour-site.-1046x1024.jpg 1046w, https:\/\/patrimoinelesvalayans.fr\/wp-content\/uploads\/2021\/04\/Gerard-et-ses-soeurs-pour-site..jpg 1078w\" sizes=\"(max-width: 768px) 100vw, 768px\" \/>\t\t\t\t\t\t\t\t\t\t\t\t\t\t\t<\/div>\n\t\t\t\t<\/div>\n\t\t\t\t\t<\/div>\n\t\t<\/div>\n\t\t\t\t\t\t\t<\/div>\n\t\t<\/section>\n\t\t\t\t\t<\/div>\n\t\t<\/div>\n\t\t\t\t\t\t\t<\/div>\n\t\t<\/section>\n\t\t\t\t<section class=\"elementor-section elementor-top-section elementor-element elementor-element-bd9d600 elementor-section-boxed elementor-section-height-default elementor-section-height-default\" data-id=\"bd9d600\" data-element_type=\"section\">\n\t\t\t\t\t\t<div class=\"elementor-container elementor-column-gap-default\">\n\t\t\t\t\t<div class=\"elementor-column elementor-col-100 elementor-top-column elementor-element elementor-element-07fccbb\" data-id=\"07fccbb\" data-element_type=\"column\">\n\t\t\t<div class=\"elementor-widget-wrap elementor-element-populated\">\n\t\t\t\t\t\t\t\t<section class=\"elementor-section elementor-inner-section elementor-element elementor-element-97b8885 elementor-section-boxed elementor-section-height-default elementor-section-height-default\" data-id=\"97b8885\" data-element_type=\"section\">\n\t\t\t\t\t\t<div class=\"elementor-container elementor-column-gap-default\">\n\t\t\t\t\t<div class=\"elementor-column elementor-col-50 elementor-inner-column elementor-element elementor-element-6ef701f\" data-id=\"6ef701f\" data-element_type=\"column\">\n\t\t\t<div class=\"elementor-widget-wrap elementor-element-populated\">\n\t\t\t\t\t\t\t\t<div class=\"elementor-element elementor-element-0b435c7 elementor-widget elementor-widget-image\" data-id=\"0b435c7\" data-element_type=\"widget\" data-widget_type=\"image.default\">\n\t\t\t\t<div class=\"elementor-widget-container\">\n\t\t\t\t\t\t\t\t\t\t\t\t\t\t\t<img loading=\"lazy\" decoding=\"async\" width=\"800\" height=\"600\" src=\"https:\/\/patrimoinelesvalayans.fr\/wp-content\/uploads\/2021\/04\/Creche-2020-pour-site.jpg\" class=\"attachment-large size-large wp-image-2111\" alt=\"\" srcset=\"https:\/\/patrimoinelesvalayans.fr\/wp-content\/uploads\/2021\/04\/Creche-2020-pour-site.jpg 800w, https:\/\/patrimoinelesvalayans.fr\/wp-content\/uploads\/2021\/04\/Creche-2020-pour-site-300x225.jpg 300w, https:\/\/patrimoinelesvalayans.fr\/wp-content\/uploads\/2021\/04\/Creche-2020-pour-site-768x576.jpg 768w\" sizes=\"(max-width: 800px) 100vw, 800px\" \/>\t\t\t\t\t\t\t\t\t\t\t\t\t\t\t<\/div>\n\t\t\t\t<\/div>\n\t\t\t\t\t<\/div>\n\t\t<\/div>\n\t\t\t\t<div class=\"elementor-column elementor-col-50 elementor-inner-column elementor-element elementor-element-5b0d674\" data-id=\"5b0d674\" data-element_type=\"column\">\n\t\t\t<div class=\"elementor-widget-wrap elementor-element-populated\">\n\t\t\t\t\t\t\t\t<div class=\"elementor-element elementor-element-d273bc9 elementor-widget elementor-widget-text-editor\" data-id=\"d273bc9\" data-element_type=\"widget\" data-widget_type=\"text-editor.default\">\n\t\t\t\t<div class=\"elementor-widget-container\">\n\t\t\t\t\t\t\t<p>\u00a0<\/p><p>Depuis, chaque ann\u00e9e, G\u00e9rard fourmille d&rsquo;id\u00e9es et prend plaisir \u00e0 cr\u00e9er des nouveaut\u00e9s, afin de renouveler le spectacle et les d\u00e9cors autour de la Nativit\u00e9.<\/p><p>En 2020, les Traditions de Provence ont \u00e9t\u00e9 mises \u00e0 l&rsquo;honneur avec les Feux de la Saint-Jean. Une roue \u00e0 aubes, ainsi que de la laine sur le dos des moutons ont aussi fait leur apparition. Un jeu a \u00e9galement \u00e9t\u00e9 organis\u00e9 \u00e0 l&rsquo;attention des enfants.<\/p>\t\t\t\t\t\t<\/div>\n\t\t\t\t<\/div>\n\t\t\t\t\t<\/div>\n\t\t<\/div>\n\t\t\t\t\t\t\t<\/div>\n\t\t<\/section>\n\t\t\t\t\t<\/div>\n\t\t<\/div>\n\t\t\t\t\t\t\t<\/div>\n\t\t<\/section>\n\t\t\t\t<section class=\"elementor-section elementor-top-section elementor-element elementor-element-8e8541c elementor-section-boxed elementor-section-height-default elementor-section-height-default\" data-id=\"8e8541c\" data-element_type=\"section\">\n\t\t\t\t\t\t<div class=\"elementor-container elementor-column-gap-default\">\n\t\t\t\t\t<div class=\"elementor-column elementor-col-100 elementor-top-column elementor-element elementor-element-5016c9f\" data-id=\"5016c9f\" data-element_type=\"column\">\n\t\t\t<div class=\"elementor-widget-wrap elementor-element-populated\">\n\t\t\t\t\t\t\t\t<section class=\"elementor-section elementor-inner-section elementor-element elementor-element-8d2206a elementor-section-boxed elementor-section-height-default elementor-section-height-default\" data-id=\"8d2206a\" data-element_type=\"section\">\n\t\t\t\t\t\t<div class=\"elementor-container elementor-column-gap-default\">\n\t\t\t\t\t<div class=\"elementor-column elementor-col-50 elementor-inner-column elementor-element elementor-element-1d20558\" data-id=\"1d20558\" data-element_type=\"column\">\n\t\t\t<div class=\"elementor-widget-wrap elementor-element-populated\">\n\t\t\t\t\t\t\t\t<div class=\"elementor-element elementor-element-68f64c6 elementor-widget elementor-widget-text-editor\" data-id=\"68f64c6\" data-element_type=\"widget\" data-widget_type=\"text-editor.default\">\n\t\t\t\t<div class=\"elementor-widget-container\">\n\t\t\t\t\t\t\t<p>\u00a0<\/p><p>Mais G\u00e9rard n&rsquo;est pas seul. Il peut compter sur ses fid\u00e8les techniciens Claude et Sauveur, qu&rsquo;il tient \u00e0 remercier, ainsi que :\u00a0<\/p><ul><li>Sylvie Carles, santonni\u00e8re des moutons<\/li><li>Fr\u00e9d\u00e9ric Hirardin, ma\u00e7on des monuments<\/li><li>G\u00e9rard Monge, concepteur de la roue \u00e0 aubes<\/li><\/ul>\t\t\t\t\t\t<\/div>\n\t\t\t\t<\/div>\n\t\t\t\t\t<\/div>\n\t\t<\/div>\n\t\t\t\t<div class=\"elementor-column elementor-col-50 elementor-inner-column elementor-element elementor-element-ab0f8c7\" data-id=\"ab0f8c7\" data-element_type=\"column\">\n\t\t\t<div class=\"elementor-widget-wrap elementor-element-populated\">\n\t\t\t\t\t\t\t\t<div class=\"elementor-element elementor-element-e855e2b elementor-widget elementor-widget-image\" data-id=\"e855e2b\" data-element_type=\"widget\" data-widget_type=\"image.default\">\n\t\t\t\t<div class=\"elementor-widget-container\">\n\t\t\t\t\t\t\t\t\t\t\t\t\t\t\t<img loading=\"lazy\" decoding=\"async\" width=\"1200\" height=\"900\" src=\"https:\/\/patrimoinelesvalayans.fr\/wp-content\/uploads\/2021\/04\/Les-2-Gerard-et-Sauveur-pour-site-.jpg\" class=\"attachment-large size-large wp-image-2040\" alt=\"\" srcset=\"https:\/\/patrimoinelesvalayans.fr\/wp-content\/uploads\/2021\/04\/Les-2-Gerard-et-Sauveur-pour-site-.jpg 1360w, https:\/\/patrimoinelesvalayans.fr\/wp-content\/uploads\/2021\/04\/Les-2-Gerard-et-Sauveur-pour-site--300x225.jpg 300w, https:\/\/patrimoinelesvalayans.fr\/wp-content\/uploads\/2021\/04\/Les-2-Gerard-et-Sauveur-pour-site--768x576.jpg 768w\" sizes=\"(max-width: 1200px) 100vw, 1200px\" \/>\t\t\t\t\t\t\t\t\t\t\t\t\t\t\t<\/div>\n\t\t\t\t<\/div>\n\t\t\t\t\t<\/div>\n\t\t<\/div>\n\t\t\t\t\t\t\t<\/div>\n\t\t<\/section>\n\t\t\t\t\t<\/div>\n\t\t<\/div>\n\t\t\t\t\t\t\t<\/div>\n\t\t<\/section>\n\t\t\t\t<section class=\"elementor-section elementor-top-section elementor-element elementor-element-eb9c1e2 elementor-section-boxed elementor-section-height-default elementor-section-height-default\" data-id=\"eb9c1e2\" data-element_type=\"section\">\n\t\t\t\t\t\t<div class=\"elementor-container elementor-column-gap-default\">\n\t\t\t\t\t<div class=\"elementor-column elementor-col-100 elementor-top-column elementor-element elementor-element-5a74b43\" data-id=\"5a74b43\" data-element_type=\"column\">\n\t\t\t<div class=\"elementor-widget-wrap elementor-element-populated\">\n\t\t\t\t\t\t\t\t<div class=\"elementor-element elementor-element-f934649 elementor-widget elementor-widget-spacer\" data-id=\"f934649\" data-element_type=\"widget\" data-widget_type=\"spacer.default\">\n\t\t\t\t<div class=\"elementor-widget-container\">\n\t\t\t\t\t<div class=\"elementor-spacer\">\n\t\t\t<div class=\"elementor-spacer-inner\"><\/div>\n\t\t<\/div>\n\t\t\t\t<\/div>\n\t\t\t\t<\/div>\n\t\t\t\t\t<\/div>\n\t\t<\/div>\n\t\t\t\t\t\t\t<\/div>\n\t\t<\/section>\n\t\t\t\t<section class=\"elementor-section elementor-top-section elementor-element elementor-element-af82844 elementor-section-boxed elementor-section-height-default elementor-section-height-default\" data-id=\"af82844\" data-element_type=\"section\">\n\t\t\t\t\t\t<div class=\"elementor-container elementor-column-gap-default\">\n\t\t\t\t\t<div class=\"elementor-column elementor-col-100 elementor-top-column elementor-element elementor-element-f9625f5\" data-id=\"f9625f5\" data-element_type=\"column\">\n\t\t\t<div class=\"elementor-widget-wrap elementor-element-populated\">\n\t\t\t\t\t\t\t\t<div class=\"elementor-element elementor-element-76615a4 elementor-widget elementor-widget-text-editor\" data-id=\"76615a4\" data-element_type=\"widget\" data-widget_type=\"text-editor.default\">\n\t\t\t\t<div class=\"elementor-widget-container\">\n\t\t\t\t\t\t\t<blockquote><p><strong>\u201c L&rsquo;argile est aux mains de son santonnier ce qu&rsquo;est l&rsquo;homme dans celles de Dieu. \u201d<\/strong><\/p><p style=\"text-align: center;\"><strong>Fr\u00e9d\u00e9ric Mistral<\/strong><\/p><\/blockquote>\t\t\t\t\t\t<\/div>\n\t\t\t\t<\/div>\n\t\t\t\t\t<\/div>\n\t\t<\/div>\n\t\t\t\t\t\t\t<\/div>\n\t\t<\/section>\n\t\t\t\t\t\t\t<\/div>\n\t\t","protected":false},"excerpt":{"rendered":"<p>\u00a0 Les premi\u00e8res cr\u00e8ches dans l&rsquo;\u00e9glise des Valayans remontent aux ann\u00e9es 1930. Elles furent cr\u00e9\u00e9es par Ir\u00e8ne et Simone, les s\u0153urs de G\u00e9rard, aujourd&rsquo;hui d\u00e9c\u00e9d\u00e9es.\u00a0 A l&rsquo;\u00e9poque, seule la Nativit\u00e9 \u00e9tait repr\u00e9sent\u00e9e et la cr\u00e8che n&rsquo;\u00e9tait visible que pendant les offices religieux.\u00a0 G\u00e9rard prit le relais de ses s\u0153urs dans les ann\u00e9es 1950.\u00a0 D&rsquo;abord assembl\u00e9e [&hellip;]<\/p>\n","protected":false},"author":1,"featured_media":0,"parent":0,"menu_order":0,"comment_status":"closed","ping_status":"closed","template":"","meta":{"footnotes":""},"_links":{"self":[{"href":"https:\/\/patrimoinelesvalayans.fr\/index.php?rest_route=\/wp\/v2\/pages\/2020"}],"collection":[{"href":"https:\/\/patrimoinelesvalayans.fr\/index.php?rest_route=\/wp\/v2\/pages"}],"about":[{"href":"https:\/\/patrimoinelesvalayans.fr\/index.php?rest_route=\/wp\/v2\/types\/page"}],"author":[{"embeddable":true,"href":"https:\/\/patrimoinelesvalayans.fr\/index.php?rest_route=\/wp\/v2\/users\/1"}],"replies":[{"embeddable":true,"href":"https:\/\/patrimoinelesvalayans.fr\/index.php?rest_route=%2Fwp%2Fv2%2Fcomments&post=2020"}],"version-history":[{"count":49,"href":"https:\/\/patrimoinelesvalayans.fr\/index.php?rest_route=\/wp\/v2\/pages\/2020\/revisions"}],"predecessor-version":[{"id":2114,"href":"https:\/\/patrimoinelesvalayans.fr\/index.php?rest_route=\/wp\/v2\/pages\/2020\/revisions\/2114"}],"wp:attachment":[{"href":"https:\/\/patrimoinelesvalayans.fr\/index.php?rest_route=%2Fwp%2Fv2%2Fmedia&parent=2020"}],"curies":[{"name":"wp","href":"https:\/\/api.w.org\/{rel}","templated":true}]}}