{"id":2526,"date":"2021-04-17T18:39:09","date_gmt":"2021-04-17T16:39:09","guid":{"rendered":"http:\/\/patrimoinelesvalayans.fr\/?page_id=2526"},"modified":"2021-06-06T10:31:04","modified_gmt":"2021-06-06T08:31:04","slug":"la-mairie","status":"publish","type":"page","link":"https:\/\/patrimoinelesvalayans.fr\/?page_id=2526","title":{"rendered":"LA MAIRIE"},"content":{"rendered":"\t\t<div data-elementor-type=\"wp-page\" data-elementor-id=\"2526\" class=\"elementor elementor-2526\">\n\t\t\t\t\t\t\t\t\t<section class=\"elementor-section elementor-top-section elementor-element elementor-element-57d1bec elementor-section-boxed elementor-section-height-default elementor-section-height-default\" data-id=\"57d1bec\" data-element_type=\"section\">\n\t\t\t\t\t\t<div class=\"elementor-container elementor-column-gap-default\">\n\t\t\t\t\t<div class=\"elementor-column elementor-col-100 elementor-top-column elementor-element elementor-element-231b7bd\" data-id=\"231b7bd\" data-element_type=\"column\">\n\t\t\t<div class=\"elementor-widget-wrap elementor-element-populated\">\n\t\t\t\t\t\t\t\t<div class=\"elementor-element elementor-element-5c07885 elementor-widget elementor-widget-spacer\" data-id=\"5c07885\" data-element_type=\"widget\" data-widget_type=\"spacer.default\">\n\t\t\t\t<div class=\"elementor-widget-container\">\n\t\t\t\t\t<div class=\"elementor-spacer\">\n\t\t\t<div class=\"elementor-spacer-inner\"><\/div>\n\t\t<\/div>\n\t\t\t\t<\/div>\n\t\t\t\t<\/div>\n\t\t\t\t\t<\/div>\n\t\t<\/div>\n\t\t\t\t\t\t\t<\/div>\n\t\t<\/section>\n\t\t\t\t<section class=\"elementor-section elementor-top-section elementor-element elementor-element-4a457ed elementor-section-boxed elementor-section-height-default elementor-section-height-default\" data-id=\"4a457ed\" data-element_type=\"section\">\n\t\t\t\t\t\t<div class=\"elementor-container elementor-column-gap-default\">\n\t\t\t\t\t<div class=\"elementor-column elementor-col-50 elementor-top-column elementor-element elementor-element-beee13f\" data-id=\"beee13f\" data-element_type=\"column\">\n\t\t\t<div class=\"elementor-widget-wrap elementor-element-populated\">\n\t\t\t\t\t\t\t\t<div class=\"elementor-element elementor-element-002487e elementor-widget elementor-widget-text-editor\" data-id=\"002487e\" data-element_type=\"widget\" data-widget_type=\"text-editor.default\">\n\t\t\t\t<div class=\"elementor-widget-container\">\n\t\t\t\t\t\t\t<p>\u00a0<\/p><p>Depuis 1920, un adjoint sp\u00e9cial \u00e9tait nomm\u00e9 aux Valayans pour y exercer les fonctions d&rsquo;officier de l&rsquo;\u00e9tat civil. Mais l&rsquo;\u00e9loignement de Pernes n\u00e9cessitait la construction d&rsquo;un b\u00e2timent sur place.<\/p><p>Un terrain est alors acquis en 1928 et, la m\u00eame ann\u00e9e, un emprunt de 77.700 francs au taux de 7,40 % remboursable sur 20 ans est souscrit par le Conseil Municipal aupr\u00e8s du Cr\u00e9dit Foncier pour la construction du b\u00e2timent.<\/p><p>L&rsquo;inauguration en grande pompe d&rsquo;une b\u00e2tisse moderne \u00ab\u00a0Poste-T\u00e9l\u00e9graphe-Mairie\u00a0\u00bb eut lieu le 16 Novembre 1930, en pr\u00e9sence du maire de Pernes Paul Nitard et de son adjoint \u00ab\u00a0maire aux Valayans\u00a0\u00bb F\u00e9lix Pagnon.<\/p>\t\t\t\t\t\t<\/div>\n\t\t\t\t<\/div>\n\t\t\t\t\t<\/div>\n\t\t<\/div>\n\t\t\t\t<div class=\"elementor-column elementor-col-50 elementor-top-column elementor-element elementor-element-c53747e\" data-id=\"c53747e\" data-element_type=\"column\">\n\t\t\t<div class=\"elementor-widget-wrap elementor-element-populated\">\n\t\t\t\t\t\t\t\t<div class=\"elementor-element elementor-element-6976136 elementor-widget elementor-widget-image\" data-id=\"6976136\" data-element_type=\"widget\" data-widget_type=\"image.default\">\n\t\t\t\t<div class=\"elementor-widget-container\">\n\t\t\t\t\t\t\t\t\t\t\t\t\t\t\t<img loading=\"lazy\" decoding=\"async\" width=\"729\" height=\"1234\" src=\"https:\/\/patrimoinelesvalayans.fr\/wp-content\/uploads\/2021\/06\/Mairie-2.jpg\" class=\"attachment-medium_large size-medium_large wp-image-5285\" alt=\"\" srcset=\"https:\/\/patrimoinelesvalayans.fr\/wp-content\/uploads\/2021\/06\/Mairie-2.jpg 729w, https:\/\/patrimoinelesvalayans.fr\/wp-content\/uploads\/2021\/06\/Mairie-2-177x300.jpg 177w, https:\/\/patrimoinelesvalayans.fr\/wp-content\/uploads\/2021\/06\/Mairie-2-605x1024.jpg 605w\" sizes=\"(max-width: 729px) 100vw, 729px\" \/>\t\t\t\t\t\t\t\t\t\t\t\t\t\t\t<\/div>\n\t\t\t\t<\/div>\n\t\t\t\t\t<\/div>\n\t\t<\/div>\n\t\t\t\t\t\t\t<\/div>\n\t\t<\/section>\n\t\t\t\t<section class=\"elementor-section elementor-top-section elementor-element elementor-element-3d4f549 elementor-section-boxed elementor-section-height-default elementor-section-height-default\" data-id=\"3d4f549\" data-element_type=\"section\">\n\t\t\t\t\t\t<div class=\"elementor-container elementor-column-gap-default\">\n\t\t\t\t\t<div class=\"elementor-column elementor-col-100 elementor-top-column elementor-element elementor-element-308aac6\" data-id=\"308aac6\" data-element_type=\"column\">\n\t\t\t<div class=\"elementor-widget-wrap elementor-element-populated\">\n\t\t\t\t\t\t\t\t<div class=\"elementor-element elementor-element-453dec9 elementor-widget elementor-widget-spacer\" data-id=\"453dec9\" data-element_type=\"widget\" data-widget_type=\"spacer.default\">\n\t\t\t\t<div class=\"elementor-widget-container\">\n\t\t\t\t\t<div class=\"elementor-spacer\">\n\t\t\t<div class=\"elementor-spacer-inner\"><\/div>\n\t\t<\/div>\n\t\t\t\t<\/div>\n\t\t\t\t<\/div>\n\t\t\t\t\t<\/div>\n\t\t<\/div>\n\t\t\t\t\t\t\t<\/div>\n\t\t<\/section>\n\t\t\t\t<section class=\"elementor-section elementor-top-section elementor-element elementor-element-5679a1e elementor-section-boxed elementor-section-height-default elementor-section-height-default\" data-id=\"5679a1e\" data-element_type=\"section\">\n\t\t\t\t\t\t<div class=\"elementor-container elementor-column-gap-default\">\n\t\t\t\t\t<div class=\"elementor-column elementor-col-100 elementor-top-column elementor-element elementor-element-fbd5315\" data-id=\"fbd5315\" data-element_type=\"column\">\n\t\t\t<div class=\"elementor-widget-wrap elementor-element-populated\">\n\t\t\t\t\t\t\t\t<section class=\"elementor-section elementor-inner-section elementor-element elementor-element-433299d elementor-section-boxed elementor-section-height-default elementor-section-height-default\" data-id=\"433299d\" data-element_type=\"section\">\n\t\t\t\t\t\t<div class=\"elementor-container elementor-column-gap-default\">\n\t\t\t\t\t<div class=\"elementor-column elementor-col-50 elementor-inner-column elementor-element elementor-element-3d0e290\" data-id=\"3d0e290\" data-element_type=\"column\">\n\t\t\t<div class=\"elementor-widget-wrap elementor-element-populated\">\n\t\t\t\t\t\t\t\t<div class=\"elementor-element elementor-element-0ce009e elementor-widget elementor-widget-image\" data-id=\"0ce009e\" data-element_type=\"widget\" data-widget_type=\"image.default\">\n\t\t\t\t<div class=\"elementor-widget-container\">\n\t\t\t\t\t\t\t\t\t\t\t\t\t\t\t<img loading=\"lazy\" decoding=\"async\" width=\"1200\" height=\"950\" src=\"https:\/\/patrimoinelesvalayans.fr\/wp-content\/uploads\/2021\/06\/Mairie-10-1293x1024.jpg\" class=\"attachment-large size-large wp-image-5286\" alt=\"\" srcset=\"https:\/\/patrimoinelesvalayans.fr\/wp-content\/uploads\/2021\/06\/Mairie-10-1293x1024.jpg 1293w, https:\/\/patrimoinelesvalayans.fr\/wp-content\/uploads\/2021\/06\/Mairie-10-300x238.jpg 300w, https:\/\/patrimoinelesvalayans.fr\/wp-content\/uploads\/2021\/06\/Mairie-10-768x608.jpg 768w, https:\/\/patrimoinelesvalayans.fr\/wp-content\/uploads\/2021\/06\/Mairie-10.jpg 1361w\" sizes=\"(max-width: 1200px) 100vw, 1200px\" \/>\t\t\t\t\t\t\t\t\t\t\t\t\t\t\t<\/div>\n\t\t\t\t<\/div>\n\t\t\t\t\t<\/div>\n\t\t<\/div>\n\t\t\t\t<div class=\"elementor-column elementor-col-50 elementor-inner-column elementor-element elementor-element-c7d8397\" data-id=\"c7d8397\" data-element_type=\"column\">\n\t\t\t<div class=\"elementor-widget-wrap elementor-element-populated\">\n\t\t\t\t\t\t\t\t<div class=\"elementor-element elementor-element-fe0b866 elementor-widget elementor-widget-text-editor\" data-id=\"fe0b866\" data-element_type=\"widget\" data-widget_type=\"text-editor.default\">\n\t\t\t\t<div class=\"elementor-widget-container\">\n\t\t\t\t\t\t\t<p>\u00a0<\/p><p>Le garde champ\u00eatre Gustave Reynaud et sa famille sont les premiers occupants du lieu et du logement de fonction qui, chose rare en ces temps, comporte des toilettes \u00e0 l&rsquo;\u00e9tage. Mme Reynaud assure diff\u00e9rents services : agence postale, cabine t\u00e9l\u00e9phonique..<\/p><p>La salle des mariages est toujours utilis\u00e9e de nos jours, et sert \u00e9galement pour les permanences de Mr le Maire et de son adjoint d\u00e9l\u00e9gu\u00e9 au hameau des Valayans.<\/p>\t\t\t\t\t\t<\/div>\n\t\t\t\t<\/div>\n\t\t\t\t\t<\/div>\n\t\t<\/div>\n\t\t\t\t\t\t\t<\/div>\n\t\t<\/section>\n\t\t\t\t\t<\/div>\n\t\t<\/div>\n\t\t\t\t\t\t\t<\/div>\n\t\t<\/section>\n\t\t\t\t<section class=\"elementor-section elementor-top-section elementor-element elementor-element-58b427e elementor-section-boxed elementor-section-height-default elementor-section-height-default\" data-id=\"58b427e\" data-element_type=\"section\">\n\t\t\t\t\t\t<div class=\"elementor-container elementor-column-gap-default\">\n\t\t\t\t\t<div class=\"elementor-column elementor-col-100 elementor-top-column elementor-element elementor-element-7731c9b\" data-id=\"7731c9b\" data-element_type=\"column\">\n\t\t\t<div class=\"elementor-widget-wrap elementor-element-populated\">\n\t\t\t\t\t\t\t\t<div class=\"elementor-element elementor-element-92dda17 elementor-widget elementor-widget-spacer\" data-id=\"92dda17\" data-element_type=\"widget\" data-widget_type=\"spacer.default\">\n\t\t\t\t<div class=\"elementor-widget-container\">\n\t\t\t\t\t<div class=\"elementor-spacer\">\n\t\t\t<div class=\"elementor-spacer-inner\"><\/div>\n\t\t<\/div>\n\t\t\t\t<\/div>\n\t\t\t\t<\/div>\n\t\t\t\t\t<\/div>\n\t\t<\/div>\n\t\t\t\t\t\t\t<\/div>\n\t\t<\/section>\n\t\t\t\t\t\t\t<\/div>\n\t\t","protected":false},"excerpt":{"rendered":"<p>\u00a0 Depuis 1920, un adjoint sp\u00e9cial \u00e9tait nomm\u00e9 aux Valayans pour y exercer les fonctions d&rsquo;officier de l&rsquo;\u00e9tat civil. Mais l&rsquo;\u00e9loignement de Pernes n\u00e9cessitait la construction d&rsquo;un b\u00e2timent sur place. Un terrain est alors acquis en 1928 et, la m\u00eame ann\u00e9e, un emprunt de 77.700 francs au taux de 7,40 % remboursable sur 20 ans [&hellip;]<\/p>\n","protected":false},"author":1,"featured_media":0,"parent":0,"menu_order":0,"comment_status":"closed","ping_status":"closed","template":"","meta":{"footnotes":""},"_links":{"self":[{"href":"https:\/\/patrimoinelesvalayans.fr\/index.php?rest_route=\/wp\/v2\/pages\/2526"}],"collection":[{"href":"https:\/\/patrimoinelesvalayans.fr\/index.php?rest_route=\/wp\/v2\/pages"}],"about":[{"href":"https:\/\/patrimoinelesvalayans.fr\/index.php?rest_route=\/wp\/v2\/types\/page"}],"author":[{"embeddable":true,"href":"https:\/\/patrimoinelesvalayans.fr\/index.php?rest_route=\/wp\/v2\/users\/1"}],"replies":[{"embeddable":true,"href":"https:\/\/patrimoinelesvalayans.fr\/index.php?rest_route=%2Fwp%2Fv2%2Fcomments&post=2526"}],"version-history":[{"count":97,"href":"https:\/\/patrimoinelesvalayans.fr\/index.php?rest_route=\/wp\/v2\/pages\/2526\/revisions"}],"predecessor-version":[{"id":5359,"href":"https:\/\/patrimoinelesvalayans.fr\/index.php?rest_route=\/wp\/v2\/pages\/2526\/revisions\/5359"}],"wp:attachment":[{"href":"https:\/\/patrimoinelesvalayans.fr\/index.php?rest_route=%2Fwp%2Fv2%2Fmedia&parent=2526"}],"curies":[{"name":"wp","href":"https:\/\/api.w.org\/{rel}","templated":true}]}}