{"id":3534,"date":"2021-05-09T10:02:08","date_gmt":"2021-05-09T08:02:08","guid":{"rendered":"http:\/\/patrimoinelesvalayans.fr\/?page_id=3534"},"modified":"2021-05-09T10:54:46","modified_gmt":"2021-05-09T08:54:46","slug":"le-cimetiere","status":"publish","type":"page","link":"https:\/\/patrimoinelesvalayans.fr\/?page_id=3534","title":{"rendered":"LE CIMETI\u00c8RE"},"content":{"rendered":"\t\t<div data-elementor-type=\"wp-page\" data-elementor-id=\"3534\" class=\"elementor elementor-3534\">\n\t\t\t\t\t\t\t\t\t<section class=\"elementor-section elementor-top-section elementor-element elementor-element-9c2a8ff elementor-section-boxed elementor-section-height-default elementor-section-height-default\" data-id=\"9c2a8ff\" data-element_type=\"section\">\n\t\t\t\t\t\t<div class=\"elementor-container elementor-column-gap-default\">\n\t\t\t\t\t<div class=\"elementor-column elementor-col-100 elementor-top-column elementor-element elementor-element-a0674a0\" data-id=\"a0674a0\" data-element_type=\"column\">\n\t\t\t<div class=\"elementor-widget-wrap elementor-element-populated\">\n\t\t\t\t\t\t\t\t<div class=\"elementor-element elementor-element-b784c71 elementor-widget elementor-widget-spacer\" data-id=\"b784c71\" data-element_type=\"widget\" data-widget_type=\"spacer.default\">\n\t\t\t\t<div class=\"elementor-widget-container\">\n\t\t\t\t\t<div class=\"elementor-spacer\">\n\t\t\t<div class=\"elementor-spacer-inner\"><\/div>\n\t\t<\/div>\n\t\t\t\t<\/div>\n\t\t\t\t<\/div>\n\t\t\t\t\t<\/div>\n\t\t<\/div>\n\t\t\t\t\t\t\t<\/div>\n\t\t<\/section>\n\t\t\t\t<section class=\"elementor-section elementor-top-section elementor-element elementor-element-f85becf elementor-section-boxed elementor-section-height-default elementor-section-height-default\" data-id=\"f85becf\" data-element_type=\"section\">\n\t\t\t\t\t\t<div class=\"elementor-container elementor-column-gap-default\">\n\t\t\t\t\t<div class=\"elementor-column elementor-col-100 elementor-top-column elementor-element elementor-element-a7bdd2d\" data-id=\"a7bdd2d\" data-element_type=\"column\">\n\t\t\t<div class=\"elementor-widget-wrap elementor-element-populated\">\n\t\t\t\t\t\t\t\t<section class=\"elementor-section elementor-inner-section elementor-element elementor-element-f8f2ef4 elementor-section-boxed elementor-section-height-default elementor-section-height-default\" data-id=\"f8f2ef4\" data-element_type=\"section\">\n\t\t\t\t\t\t<div class=\"elementor-container elementor-column-gap-default\">\n\t\t\t\t\t<div class=\"elementor-column elementor-col-50 elementor-inner-column elementor-element elementor-element-d2360f1\" data-id=\"d2360f1\" data-element_type=\"column\">\n\t\t\t<div class=\"elementor-widget-wrap elementor-element-populated\">\n\t\t\t\t\t\t\t\t<div class=\"elementor-element elementor-element-6de0a6e elementor-widget elementor-widget-image\" data-id=\"6de0a6e\" data-element_type=\"widget\" data-widget_type=\"image.default\">\n\t\t\t\t<div class=\"elementor-widget-container\">\n\t\t\t\t\t\t\t\t\t\t\t\t\t\t\t<img loading=\"lazy\" decoding=\"async\" width=\"768\" height=\"555\" src=\"https:\/\/patrimoinelesvalayans.fr\/wp-content\/uploads\/2021\/05\/Cimetiere-5-1-768x555.jpg\" class=\"attachment-medium_large size-medium_large wp-image-3569\" alt=\"\" srcset=\"https:\/\/patrimoinelesvalayans.fr\/wp-content\/uploads\/2021\/05\/Cimetiere-5-1-768x555.jpg 768w, https:\/\/patrimoinelesvalayans.fr\/wp-content\/uploads\/2021\/05\/Cimetiere-5-1-300x217.jpg 300w, https:\/\/patrimoinelesvalayans.fr\/wp-content\/uploads\/2021\/05\/Cimetiere-5-1.jpg 885w\" sizes=\"(max-width: 768px) 100vw, 768px\" \/>\t\t\t\t\t\t\t\t\t\t\t\t\t\t\t<\/div>\n\t\t\t\t<\/div>\n\t\t\t\t\t<\/div>\n\t\t<\/div>\n\t\t\t\t<div class=\"elementor-column elementor-col-50 elementor-inner-column elementor-element elementor-element-cc9f17c\" data-id=\"cc9f17c\" data-element_type=\"column\">\n\t\t\t<div class=\"elementor-widget-wrap elementor-element-populated\">\n\t\t\t\t\t\t\t\t<div class=\"elementor-element elementor-element-b1302ce elementor-widget elementor-widget-text-editor\" data-id=\"b1302ce\" data-element_type=\"widget\" data-widget_type=\"text-editor.default\">\n\t\t\t\t<div class=\"elementor-widget-container\">\n\t\t\t\t\t\t\t<p>\u00a0<\/p><p style=\"text-align: left;\">La cr\u00e9ation du cimeti\u00e8re des Valayans remonte \u00e0 1866. Auparavant, quatre porteurs se rendaient \u00e0 pied par la route jusqu&rsquo;au cimeti\u00e8re de Pernes, o\u00f9 se faisaient les inhumations. Le nouveau terrain avait \u00e9t\u00e9 acquis d\u00e8s 1861, mais le budget n\u00e9cessaire pour la construction du mur d&rsquo;enceinte obligatoire ne fut accept\u00e9 qu&rsquo;en 1865.<\/p><p>Les tombeaux historiques des familles valayannaises y sont remarquables.<\/p>\t\t\t\t\t\t<\/div>\n\t\t\t\t<\/div>\n\t\t\t\t\t<\/div>\n\t\t<\/div>\n\t\t\t\t\t\t\t<\/div>\n\t\t<\/section>\n\t\t\t\t\t<\/div>\n\t\t<\/div>\n\t\t\t\t\t\t\t<\/div>\n\t\t<\/section>\n\t\t\t\t<section class=\"elementor-section elementor-top-section elementor-element elementor-element-5ccc086 elementor-section-boxed elementor-section-height-default elementor-section-height-default\" data-id=\"5ccc086\" data-element_type=\"section\">\n\t\t\t\t\t\t<div class=\"elementor-container elementor-column-gap-default\">\n\t\t\t\t\t<div class=\"elementor-column elementor-col-100 elementor-top-column elementor-element elementor-element-b71a9ee\" data-id=\"b71a9ee\" data-element_type=\"column\">\n\t\t\t<div class=\"elementor-widget-wrap elementor-element-populated\">\n\t\t\t\t\t\t\t\t<section class=\"elementor-section elementor-inner-section elementor-element elementor-element-78d0692 elementor-section-boxed elementor-section-height-default elementor-section-height-default\" data-id=\"78d0692\" data-element_type=\"section\">\n\t\t\t\t\t\t<div class=\"elementor-container elementor-column-gap-default\">\n\t\t\t\t\t<div class=\"elementor-column elementor-col-50 elementor-inner-column elementor-element elementor-element-897f5c8\" data-id=\"897f5c8\" data-element_type=\"column\">\n\t\t\t<div class=\"elementor-widget-wrap elementor-element-populated\">\n\t\t\t\t\t\t\t\t<div class=\"elementor-element elementor-element-cf7d874 elementor-widget elementor-widget-text-editor\" data-id=\"cf7d874\" data-element_type=\"widget\" data-widget_type=\"text-editor.default\">\n\t\t\t\t<div class=\"elementor-widget-container\">\n\t\t\t\t\t\t\t<p>\u00a0<\/p><p>C&rsquo;est \u00e0 l&rsquo;insistance de l&rsquo;abb\u00e9 Fran\u00e7ois Boussier, premier cur\u00e9 de l&rsquo;\u00e9glise des Valayans, que l&rsquo;on doit l&rsquo;am\u00e9nagement du cimeti\u00e8re.<\/p><p>Il y a \u00e9t\u00e9 enterr\u00e9 en 1886, et sa grande croix en fer forg\u00e9 semble veiller sur ses paroissiens.<\/p>\t\t\t\t\t\t<\/div>\n\t\t\t\t<\/div>\n\t\t\t\t\t<\/div>\n\t\t<\/div>\n\t\t\t\t<div class=\"elementor-column elementor-col-50 elementor-inner-column elementor-element elementor-element-286937b\" data-id=\"286937b\" data-element_type=\"column\">\n\t\t\t<div class=\"elementor-widget-wrap elementor-element-populated\">\n\t\t\t\t\t\t\t\t<div class=\"elementor-element elementor-element-4ba0f20 elementor-widget elementor-widget-image\" data-id=\"4ba0f20\" data-element_type=\"widget\" data-widget_type=\"image.default\">\n\t\t\t\t<div class=\"elementor-widget-container\">\n\t\t\t\t\t\t\t\t\t\t\t\t\t\t\t<img loading=\"lazy\" decoding=\"async\" width=\"225\" height=\"300\" src=\"https:\/\/patrimoinelesvalayans.fr\/wp-content\/uploads\/2021\/05\/Cimetiere-6-225x300.jpg\" class=\"attachment-medium size-medium wp-image-3529\" alt=\"\" srcset=\"https:\/\/patrimoinelesvalayans.fr\/wp-content\/uploads\/2021\/05\/Cimetiere-6-225x300.jpg 225w, https:\/\/patrimoinelesvalayans.fr\/wp-content\/uploads\/2021\/05\/Cimetiere-6.jpg 765w\" sizes=\"(max-width: 225px) 100vw, 225px\" \/>\t\t\t\t\t\t\t\t\t\t\t\t\t\t\t<\/div>\n\t\t\t\t<\/div>\n\t\t\t\t\t<\/div>\n\t\t<\/div>\n\t\t\t\t\t\t\t<\/div>\n\t\t<\/section>\n\t\t\t\t\t<\/div>\n\t\t<\/div>\n\t\t\t\t\t\t\t<\/div>\n\t\t<\/section>\n\t\t\t\t\t\t\t<\/div>\n\t\t","protected":false},"excerpt":{"rendered":"<p>\u00a0 La cr\u00e9ation du cimeti\u00e8re des Valayans remonte \u00e0 1866. Auparavant, quatre porteurs se rendaient \u00e0 pied par la route jusqu&rsquo;au cimeti\u00e8re de Pernes, o\u00f9 se faisaient les inhumations. Le nouveau terrain avait \u00e9t\u00e9 acquis d\u00e8s 1861, mais le budget n\u00e9cessaire pour la construction du mur d&rsquo;enceinte obligatoire ne fut accept\u00e9 qu&rsquo;en 1865. Les tombeaux [&hellip;]<\/p>\n","protected":false},"author":1,"featured_media":0,"parent":0,"menu_order":0,"comment_status":"closed","ping_status":"closed","template":"","meta":{"footnotes":""},"_links":{"self":[{"href":"https:\/\/patrimoinelesvalayans.fr\/index.php?rest_route=\/wp\/v2\/pages\/3534"}],"collection":[{"href":"https:\/\/patrimoinelesvalayans.fr\/index.php?rest_route=\/wp\/v2\/pages"}],"about":[{"href":"https:\/\/patrimoinelesvalayans.fr\/index.php?rest_route=\/wp\/v2\/types\/page"}],"author":[{"embeddable":true,"href":"https:\/\/patrimoinelesvalayans.fr\/index.php?rest_route=\/wp\/v2\/users\/1"}],"replies":[{"embeddable":true,"href":"https:\/\/patrimoinelesvalayans.fr\/index.php?rest_route=%2Fwp%2Fv2%2Fcomments&post=3534"}],"version-history":[{"count":58,"href":"https:\/\/patrimoinelesvalayans.fr\/index.php?rest_route=\/wp\/v2\/pages\/3534\/revisions"}],"predecessor-version":[{"id":3630,"href":"https:\/\/patrimoinelesvalayans.fr\/index.php?rest_route=\/wp\/v2\/pages\/3534\/revisions\/3630"}],"wp:attachment":[{"href":"https:\/\/patrimoinelesvalayans.fr\/index.php?rest_route=%2Fwp%2Fv2%2Fmedia&parent=3534"}],"curies":[{"name":"wp","href":"https:\/\/api.w.org\/{rel}","templated":true}]}}