{"id":8,"date":"2021-02-10T11:19:33","date_gmt":"2021-02-10T10:19:33","guid":{"rendered":"http:\/\/patrimoinelesvalayans.fr\/?page_id=8"},"modified":"2021-05-26T15:04:59","modified_gmt":"2021-05-26T13:04:59","slug":"accueil","status":"publish","type":"page","link":"https:\/\/patrimoinelesvalayans.fr\/","title":{"rendered":"Patrimoine du hameau des Valayans"},"content":{"rendered":"\t\t<div data-elementor-type=\"wp-page\" data-elementor-id=\"8\" class=\"elementor elementor-8\">\n\t\t\t\t\t\t\t\t\t<section class=\"elementor-section elementor-top-section elementor-element elementor-element-a443610 elementor-section-boxed elementor-section-height-default elementor-section-height-default\" data-id=\"a443610\" data-element_type=\"section\">\n\t\t\t\t\t\t<div class=\"elementor-container elementor-column-gap-default\">\n\t\t\t\t\t<div class=\"elementor-column elementor-col-100 elementor-top-column elementor-element elementor-element-6c96a24\" data-id=\"6c96a24\" data-element_type=\"column\" data-settings=\"{&quot;animation&quot;:&quot;none&quot;}\">\n\t\t\t<div class=\"elementor-widget-wrap elementor-element-populated\">\n\t\t\t\t\t\t\t\t<div class=\"elementor-element elementor-element-83296fc elementor-widget elementor-widget-spacer\" data-id=\"83296fc\" data-element_type=\"widget\" data-widget_type=\"spacer.default\">\n\t\t\t\t<div class=\"elementor-widget-container\">\n\t\t\t\t\t<div class=\"elementor-spacer\">\n\t\t\t<div class=\"elementor-spacer-inner\"><\/div>\n\t\t<\/div>\n\t\t\t\t<\/div>\n\t\t\t\t<\/div>\n\t\t\t\t<section class=\"elementor-section elementor-inner-section elementor-element elementor-element-ce36a18 elementor-section-boxed elementor-section-height-default elementor-section-height-default\" data-id=\"ce36a18\" data-element_type=\"section\">\n\t\t\t\t\t\t<div class=\"elementor-container elementor-column-gap-default\">\n\t\t\t\t\t<div class=\"elementor-column elementor-col-50 elementor-inner-column elementor-element elementor-element-a270d8b\" data-id=\"a270d8b\" data-element_type=\"column\">\n\t\t\t<div class=\"elementor-widget-wrap elementor-element-populated\">\n\t\t\t\t\t\t\t\t<div class=\"elementor-element elementor-element-58687dd elementor-arrows-position-inside elementor-pagination-position-outside elementor-widget elementor-widget-image-carousel\" data-id=\"58687dd\" data-element_type=\"widget\" data-settings=\"{&quot;slides_to_show&quot;:&quot;1&quot;,&quot;autoplay_speed&quot;:4000,&quot;effect&quot;:&quot;fade&quot;,&quot;navigation&quot;:&quot;both&quot;,&quot;autoplay&quot;:&quot;yes&quot;,&quot;pause_on_hover&quot;:&quot;yes&quot;,&quot;pause_on_interaction&quot;:&quot;yes&quot;,&quot;infinite&quot;:&quot;yes&quot;,&quot;speed&quot;:500}\" data-widget_type=\"image-carousel.default\">\n\t\t\t\t<div class=\"elementor-widget-container\">\n\t\t\t\t\t<div class=\"elementor-image-carousel-wrapper swiper-container\" dir=\"ltr\">\n\t\t\t<div class=\"elementor-image-carousel swiper-wrapper\">\n\t\t\t\t\t\t\t\t<div class=\"swiper-slide\"><figure class=\"swiper-slide-inner\"><img decoding=\"async\" class=\"swiper-slide-image\" src=\"https:\/\/patrimoinelesvalayans.fr\/wp-content\/uploads\/2021\/02\/creche-noel-valayans01-e1614708572976.jpg\" alt=\"creche-noel-valayans01\" \/><\/figure><\/div><div class=\"swiper-slide\"><figure class=\"swiper-slide-inner\"><img decoding=\"async\" class=\"swiper-slide-image\" src=\"https:\/\/patrimoinelesvalayans.fr\/wp-content\/uploads\/2021\/03\/Musee-de-la-Vieille-Ecole-1-Copie-1.jpg\" alt=\"Mus\u00e9e de la Vieille Ecole (1) - Copie\" \/><\/figure><\/div><div class=\"swiper-slide\"><figure class=\"swiper-slide-inner\"><img decoding=\"async\" class=\"swiper-slide-image\" src=\"https:\/\/patrimoinelesvalayans.fr\/wp-content\/uploads\/2021\/03\/Cafe-Palun-2400-1600.jpg\" alt=\"Caf\u00e9 Palun 2400 1600\" \/><\/figure><\/div><div class=\"swiper-slide\"><figure class=\"swiper-slide-inner\"><img decoding=\"async\" class=\"swiper-slide-image\" src=\"https:\/\/patrimoinelesvalayans.fr\/wp-content\/uploads\/2021\/03\/Cafe-Le-Cercle-2400-1600.jpg\" alt=\"Caf\u00e9 Le Cercle 2400 1600\" \/><\/figure><\/div>\t\t\t<\/div>\n\t\t\t\t\t\t\t\t\t\t\t\t<div class=\"swiper-pagination\"><\/div>\n\t\t\t\t\t\t\t\t\t\t\t\t\t<div class=\"elementor-swiper-button elementor-swiper-button-prev\">\n\t\t\t\t\t\t<i aria-hidden=\"true\" class=\"eicon-chevron-left\"><\/i>\t\t\t\t\t\t<span class=\"elementor-screen-only\">Pr\u00e9c\u00e9dent<\/span>\n\t\t\t\t\t<\/div>\n\t\t\t\t\t<div class=\"elementor-swiper-button elementor-swiper-button-next\">\n\t\t\t\t\t\t<i aria-hidden=\"true\" class=\"eicon-chevron-right\"><\/i>\t\t\t\t\t\t<span class=\"elementor-screen-only\">Suivant<\/span>\n\t\t\t\t\t<\/div>\n\t\t\t\t\t\t\t\t\t<\/div>\n\t\t\t\t<\/div>\n\t\t\t\t<\/div>\n\t\t\t\t\t<\/div>\n\t\t<\/div>\n\t\t\t\t<div class=\"elementor-column elementor-col-50 elementor-inner-column elementor-element elementor-element-a8076cd\" data-id=\"a8076cd\" data-element_type=\"column\">\n\t\t\t<div class=\"elementor-widget-wrap elementor-element-populated\">\n\t\t\t\t\t\t\t\t<div class=\"elementor-element elementor-element-b01d889 elementor-widget elementor-widget-text-editor\" data-id=\"b01d889\" data-element_type=\"widget\" data-widget_type=\"text-editor.default\">\n\t\t\t\t<div class=\"elementor-widget-container\">\n\t\t\t\t\t\t\t<p>\u00a0<\/p><p>\u00a0<\/p><p>Le hameau des Valayans est situ\u00e9 dans le d\u00e9partement du Vaucluse, entre Avignon et Carpentras. Bord\u00e9 par les communes d\u2019Entraigues, Althen-les-Paluds, Velleron et Le Thor, il est administrativement rattach\u00e9 \u00e0 la commune de <span style=\"color: #333399;\">Pernes<\/span>-les-Fontaines, dont le centre-ville est distant de 9 kms.<\/p><p>Cet \u00e9loignement a favoris\u00e9 le d\u00e9veloppement d\u2019une vie locale propre, qui a elle-m\u00eame engendr\u00e9 au fil des si\u00e8cles un patrimoine original et vari\u00e9.<\/p>\t\t\t\t\t\t<\/div>\n\t\t\t\t<\/div>\n\t\t\t\t\t<\/div>\n\t\t<\/div>\n\t\t\t\t\t\t\t<\/div>\n\t\t<\/section>\n\t\t\t\t<div class=\"elementor-element elementor-element-2495dfe elementor-widget elementor-widget-text-editor\" data-id=\"2495dfe\" data-element_type=\"widget\" data-widget_type=\"text-editor.default\">\n\t\t\t\t<div class=\"elementor-widget-container\">\n\t\t\t\t\t\t\t<p>Les Valayannais (le nom vient du nom de la famille Valayan, r\u00e9sidant dans le hameau) sont des gens tenaces. Pour la plupart agriculteurs, ils ont voulu leur \u00e9glise, et l\u2019ont construite au XIXe si\u00e8cle sur leurs propres deniers. Enti\u00e8rement peinte, elle est maintenant inscrite au titre des Monuments Historiques. D\u2019autres b\u00e2timents concourent \u00e0 la richesse du patrimoine des Valayans, comme le Mus\u00e9e de la Vieille \u00c9cole, les caf\u00e9s Palun et du Cercle.<\/p><p>Les Valayans et leurs habitants sont fiers de leur histoire et de leur patrimoine.<\/p><p>Ils vous proposent de les d\u00e9couvrir.<\/p><h1><span style=\"color: #000080;\">\u00a0<\/span><\/h1><h1><span style=\"color: #333399;\"><strong>\u00a0<\/strong><\/span><\/h1>\t\t\t\t\t\t<\/div>\n\t\t\t\t<\/div>\n\t\t\t\t\t<\/div>\n\t\t<\/div>\n\t\t\t\t\t\t\t<\/div>\n\t\t<\/section>\n\t\t\t\t<section class=\"elementor-section elementor-top-section elementor-element elementor-element-433260a elementor-section-boxed elementor-section-height-default elementor-section-height-default\" data-id=\"433260a\" data-element_type=\"section\">\n\t\t\t\t\t\t<div class=\"elementor-container elementor-column-gap-default\">\n\t\t\t\t\t<div class=\"elementor-column elementor-col-100 elementor-top-column elementor-element elementor-element-592eab6\" data-id=\"592eab6\" data-element_type=\"column\">\n\t\t\t<div class=\"elementor-widget-wrap elementor-element-populated\">\n\t\t\t\t\t\t\t\t<section class=\"elementor-section elementor-inner-section elementor-element elementor-element-ee6ce59 elementor-section-boxed elementor-section-height-default elementor-section-height-default\" data-id=\"ee6ce59\" data-element_type=\"section\">\n\t\t\t\t\t\t<div class=\"elementor-container elementor-column-gap-default\">\n\t\t\t\t\t<div class=\"elementor-column elementor-col-66 elementor-inner-column elementor-element elementor-element-e03518c\" data-id=\"e03518c\" data-element_type=\"column\">\n\t\t\t<div class=\"elementor-widget-wrap elementor-element-populated\">\n\t\t\t\t\t\t\t\t<div class=\"elementor-element elementor-element-9f98294 elementor-tabs-alignment-stretch elementor-tabs-view-horizontal elementor-widget elementor-widget-tabs\" data-id=\"9f98294\" data-element_type=\"widget\" data-widget_type=\"tabs.default\">\n\t\t\t\t<div class=\"elementor-widget-container\">\n\t\t\t\t\t<div class=\"elementor-tabs\">\n\t\t\t<div class=\"elementor-tabs-wrapper\" role=\"tablist\" >\n\t\t\t\t\t\t\t\t\t<div id=\"elementor-tab-title-1671\" class=\"elementor-tab-title elementor-tab-desktop-title\" aria-selected=\"true\" data-tab=\"1\" role=\"tab\" tabindex=\"0\" aria-controls=\"elementor-tab-content-1671\" aria-expanded=\"false\">PARCOURS DE VISITE<\/div>\n\t\t\t\t\t\t\t\t\t<div id=\"elementor-tab-title-1672\" class=\"elementor-tab-title elementor-tab-desktop-title\" aria-selected=\"false\" data-tab=\"2\" role=\"tab\" tabindex=\"-1\" aria-controls=\"elementor-tab-content-1672\" aria-expanded=\"false\">RESTAURATION DE L'\u00c9GLISE<\/div>\n\t\t\t\t\t\t\t<\/div>\n\t\t\t<div class=\"elementor-tabs-content-wrapper\" role=\"tablist\" aria-orientation=\"vertical\">\n\t\t\t\t\t\t\t\t\t<div class=\"elementor-tab-title elementor-tab-mobile-title\" aria-selected=\"true\" data-tab=\"1\" role=\"tab\" tabindex=\"0\" aria-controls=\"elementor-tab-content-1671\" aria-expanded=\"false\">PARCOURS DE VISITE<\/div>\n\t\t\t\t\t<div id=\"elementor-tab-content-1671\" class=\"elementor-tab-content elementor-clearfix\" data-tab=\"1\" role=\"tabpanel\" aria-labelledby=\"elementor-tab-title-1671\" tabindex=\"0\" hidden=\"false\"><figure id=\"attachment_478\" aria-describedby=\"caption-attachment-478\" style=\"width: 300px\" class=\"wp-caption alignnone\"><img loading=\"lazy\" decoding=\"async\" class=\"wp-image-478 size-medium\" src=\"http:\/\/patrimoinelesvalayans.fr\/wp-content\/uploads\/2021\/03\/Carte-de-Cassini-300x168.png\" alt=\"\" width=\"300\" height=\"168\" srcset=\"https:\/\/patrimoinelesvalayans.fr\/wp-content\/uploads\/2021\/03\/Carte-de-Cassini-300x168.png 300w, https:\/\/patrimoinelesvalayans.fr\/wp-content\/uploads\/2021\/03\/Carte-de-Cassini-768x429.png 768w, https:\/\/patrimoinelesvalayans.fr\/wp-content\/uploads\/2021\/03\/Carte-de-Cassini.png 1265w\" sizes=\"(max-width: 300px) 100vw, 300px\" \/><figcaption id=\"caption-attachment-478\" class=\"wp-caption-text\">Carte de Cassini<\/figcaption><\/figure><p>Le parcours de visite nous conduit de l&rsquo;\u00c9glise des Valayans au mus\u00e9e de la Vieille \u00c9cole, en passant par les caf\u00e9s Palun et du Cercle, la mairie et le cimeti\u00e8re.<\/p><\/div>\n\t\t\t\t\t\t\t\t\t<div class=\"elementor-tab-title elementor-tab-mobile-title\" aria-selected=\"false\" data-tab=\"2\" role=\"tab\" tabindex=\"-1\" aria-controls=\"elementor-tab-content-1672\" aria-expanded=\"false\">RESTAURATION DE L'\u00c9GLISE<\/div>\n\t\t\t\t\t<div id=\"elementor-tab-content-1672\" class=\"elementor-tab-content elementor-clearfix\" data-tab=\"2\" role=\"tabpanel\" aria-labelledby=\"elementor-tab-title-1672\" tabindex=\"0\" hidden=\"hidden\"><figure id=\"attachment_483\" aria-describedby=\"caption-attachment-483\" style=\"width: 300px\" class=\"wp-caption alignnone\"><img loading=\"lazy\" decoding=\"async\" class=\"size-medium wp-image-483\" src=\"http:\/\/patrimoinelesvalayans.fr\/wp-content\/uploads\/2021\/03\/Restauration-300x200.jpg\" alt=\"\" width=\"300\" height=\"200\" srcset=\"https:\/\/patrimoinelesvalayans.fr\/wp-content\/uploads\/2021\/03\/Restauration-300x200.jpg 300w, https:\/\/patrimoinelesvalayans.fr\/wp-content\/uploads\/2021\/03\/Restauration-768x512.jpg 768w, https:\/\/patrimoinelesvalayans.fr\/wp-content\/uploads\/2021\/03\/Restauration.jpg 1200w\" sizes=\"(max-width: 300px) 100vw, 300px\" \/><figcaption id=\"caption-attachment-483\" class=\"wp-caption-text\">Fissure sur le mur ouest<\/figcaption><\/figure><p>L\u2019\u00e9glise des Valayans, construite de 1852 \u00e0 1855, a \u00e9t\u00e9 enti\u00e8rement peinte par Charles BARBANTAN. Au fil du temps, la structure du b\u00e2timent, les peintures et les boiseries se sont d\u00e9grad\u00e9es, et une restauration est maintenant n\u00e9cessaire pour redonner \u00e0 l\u2019\u00e9glise son lustre d\u2019antan.<\/p><p>Orchestr\u00e9e par l\u2019Association des \u0152uvres paroissiales des Valayans qui organise diff\u00e9rentes manifestations ( concerts, repas, cr\u00e8che de No\u00ebl..), elle repose pour beaucoup sur les dons, fiscalement d\u00e9fiscalisables, des personnes sensibles \u00e0 cet objectif. La campagne de restauration en cours porte sur la restauration des statues de l\u2019\u00e9glise et des stations du Chemin du Croix.<\/p><h2><a href=\"http:\/\/patrimoinelesvalayans.fr\/?page_id=177\"><span style=\"color: #000080;\"><strong>Et si vous aussi, vous faisiez partie des donateurs\u00a0?<\/strong><\/span><\/a><\/h2><\/div>\n\t\t\t\t\t\t\t<\/div>\n\t\t<\/div>\n\t\t\t\t<\/div>\n\t\t\t\t<\/div>\n\t\t\t\t\t<\/div>\n\t\t<\/div>\n\t\t\t\t<div class=\"elementor-column elementor-col-33 elementor-inner-column elementor-element elementor-element-9f8735c\" data-id=\"9f8735c\" data-element_type=\"column\">\n\t\t\t<div class=\"elementor-widget-wrap elementor-element-populated\">\n\t\t\t\t\t\t\t\t<div class=\"elementor-element elementor-element-e263531 elementor-widget elementor-widget-google_maps\" data-id=\"e263531\" data-element_type=\"widget\" data-widget_type=\"google_maps.default\">\n\t\t\t\t<div class=\"elementor-widget-container\">\n\t\t\t\t\t<div class=\"elementor-custom-embed\">\n\t\t\t<iframe loading=\"lazy\"\n\t\t\t\t\tsrc=\"https:\/\/maps.google.com\/maps?q=1228%20Route%20du%20Thor%20Pernes%20les%20Fontaines&#038;t=m&#038;z=10&#038;output=embed&#038;iwloc=near\"\n\t\t\t\t\ttitle=\"1228 Route du Thor Pernes les Fontaines\"\n\t\t\t\t\taria-label=\"1228 Route du Thor Pernes les Fontaines\"\n\t\t\t><\/iframe>\n\t\t<\/div>\n\t\t\t\t<\/div>\n\t\t\t\t<\/div>\n\t\t\t\t\t<\/div>\n\t\t<\/div>\n\t\t\t\t\t\t\t<\/div>\n\t\t<\/section>\n\t\t\t\t\t<\/div>\n\t\t<\/div>\n\t\t\t\t\t\t\t<\/div>\n\t\t<\/section>\n\t\t\t\t\t\t\t<\/div>\n\t\t","protected":false},"excerpt":{"rendered":"<p>Pr\u00e9c\u00e9dent Suivant \u00a0 \u00a0 Le hameau des Valayans est situ\u00e9 dans le d\u00e9partement du Vaucluse, entre Avignon et Carpentras. Bord\u00e9 par les communes d\u2019Entraigues, Althen-les-Paluds, Velleron et Le Thor, il est administrativement rattach\u00e9 \u00e0 la commune de Pernes-les-Fontaines, dont le centre-ville est distant de 9 kms. Cet \u00e9loignement a favoris\u00e9 le d\u00e9veloppement d\u2019une vie locale [&hellip;]<\/p>\n","protected":false},"author":1,"featured_media":0,"parent":0,"menu_order":0,"comment_status":"closed","ping_status":"closed","template":"elementor_header_footer","meta":{"footnotes":""},"_links":{"self":[{"href":"https:\/\/patrimoinelesvalayans.fr\/index.php?rest_route=\/wp\/v2\/pages\/8"}],"collection":[{"href":"https:\/\/patrimoinelesvalayans.fr\/index.php?rest_route=\/wp\/v2\/pages"}],"about":[{"href":"https:\/\/patrimoinelesvalayans.fr\/index.php?rest_route=\/wp\/v2\/types\/page"}],"author":[{"embeddable":true,"href":"https:\/\/patrimoinelesvalayans.fr\/index.php?rest_route=\/wp\/v2\/users\/1"}],"replies":[{"embeddable":true,"href":"https:\/\/patrimoinelesvalayans.fr\/index.php?rest_route=%2Fwp%2Fv2%2Fcomments&post=8"}],"version-history":[{"count":402,"href":"https:\/\/patrimoinelesvalayans.fr\/index.php?rest_route=\/wp\/v2\/pages\/8\/revisions"}],"predecessor-version":[{"id":5241,"href":"https:\/\/patrimoinelesvalayans.fr\/index.php?rest_route=\/wp\/v2\/pages\/8\/revisions\/5241"}],"wp:attachment":[{"href":"https:\/\/patrimoinelesvalayans.fr\/index.php?rest_route=%2Fwp%2Fv2%2Fmedia&parent=8"}],"curies":[{"name":"wp","href":"https:\/\/api.w.org\/{rel}","templated":true}]}}