{"id":9,"date":"2021-02-10T11:19:33","date_gmt":"2021-02-10T10:19:33","guid":{"rendered":"http:\/\/patrimoinelesvalayans.fr\/?page_id=9"},"modified":"2021-04-18T14:16:59","modified_gmt":"2021-04-18T12:16:59","slug":"a-propos-de","status":"publish","type":"page","link":"https:\/\/patrimoinelesvalayans.fr\/?page_id=9","title":{"rendered":"Mentions l\u00e9gales"},"content":{"rendered":"\t\t<div data-elementor-type=\"wp-page\" data-elementor-id=\"9\" class=\"elementor elementor-9\">\n\t\t\t\t\t\t\t\t\t<section class=\"elementor-section elementor-top-section elementor-element elementor-element-1d0cdacd elementor-section-boxed elementor-section-height-default elementor-section-height-default\" data-id=\"1d0cdacd\" data-element_type=\"section\">\n\t\t\t\t\t\t<div class=\"elementor-container elementor-column-gap-default\">\n\t\t\t\t\t<div class=\"elementor-column elementor-col-100 elementor-top-column elementor-element elementor-element-500841e1\" data-id=\"500841e1\" data-element_type=\"column\">\n\t\t\t<div class=\"elementor-widget-wrap elementor-element-populated\">\n\t\t\t\t\t\t\t\t<div class=\"elementor-element elementor-element-235cf3a elementor-widget elementor-widget-text-editor\" data-id=\"235cf3a\" data-element_type=\"widget\" data-widget_type=\"text-editor.default\">\n\t\t\t\t<div class=\"elementor-widget-container\">\n\t\t\t\t\t\t\t<div class=\"main-columns clearfix\"><div class=\"main_content\"><div class=\"main_component clearfix\" role=\"main\"><div class=\"item-page \"><h1>\u00a0<\/h1><div><p>Le site internet \u00ab\u00a0patrimoinelesvalayans. fr\u00a0\u00bb est \u00e9dit\u00e9 par l&rsquo;Association des \u0152uvres Paroissiales des Valayans.<\/p><p><strong>Informations Nominatives<\/strong><\/p><p>Les informations recueillies aupr\u00e8s des personnes par le biais du formulaire de contact ne sauraient \u00eatre utilis\u00e9es \u00e0 usage commercial ou pour un quelconque d\u00e9marchage. Les informations envoy\u00e9es sont destin\u00e9es \u00e0 l\u2019Association des \u0152uvres Paroissiales des Valayans, qui traitera vos demandes. Vous avez un droit total d\u2019acc\u00e8s, de modification, de rectification et de suppression aux informations nominatives vous concernant. Pour l\u2019exercer, adressez-vous au si\u00e8ge de l\u2019Association des \u0152uvres Paroissiales des Valayans.<\/p><p><strong>Droits d\u2019auteurs<\/strong><\/p><p>Les informations de ce site sont collect\u00e9es et mises \u00e0 jour par l\u2019Association des \u0152uvres Paroissiales des Valayans. Elles sont donn\u00e9es \u00e0 titre indicatif et ne sauraient engager la responsabilit\u00e9 de leurs auteurs. Les photos propos\u00e9es sur ce site ne sont pas contractuelles. Toute reproduction totale ou partielle du site \u00ab\u00a0patrimoinelesvalayans.fr\u00a0\u00bb par des organismes n\u2019adh\u00e9rant pas \u00e0 l\u2019Association des \u0152uvres Paroissiales des Valayans est interdite sans son autorisation expresse et pr\u00e9alable. Cette repr\u00e9sentation ou reproduction, par quelque proc\u00e9d\u00e9 que ce soit, constitue une contrefa\u00e7on sanctionn\u00e9e par les articles L.334-2 et suivants du Code de la propri\u00e9t\u00e9 intellectuelle.<\/p><p>Pour toute autre utilisation, veuillez nous consulter en utilisant le formulaire de contact.<\/p><\/div><\/div><\/div><div class=\"clr\">\u00a0<\/div><\/div><\/div><aside class=\"bottom-module-position animbox animCSS3\" role=\"complementary\"><div class=\"moduletable \"><div class=\"content-module\"><div class=\"custom\"><p>Association des \u0152uvres Paroissiales des Valayans\u00a0<br \/>1228 Route du Thor &#8211; Les Valayans &#8211; 84210 Pernes Les Fontaines\u00a0 &#8211; France<\/p><p>Pr\u00e9sident : Sauveur LANAIA\u00a0 T\u00e9l. 06 20 59 12 26\u00a0\u00a0<\/p><p>Association loi 1901 cr\u00e9\u00e9e en Mars 1971 et reconnue d&rsquo;int\u00e9r\u00eat g\u00e9n\u00e9ral<\/p><p>H\u00e9bergeur : OVH\u00a0 \u00a0 Directrice de publication :\u00a0 Rosemary WELSCH<\/p><\/div><\/div><\/div><\/aside>\t\t\t\t\t\t<\/div>\n\t\t\t\t<\/div>\n\t\t\t\t\t<\/div>\n\t\t<\/div>\n\t\t\t\t\t\t\t<\/div>\n\t\t<\/section>\n\t\t\t\t\t\t\t<\/div>\n\t\t","protected":false},"excerpt":{"rendered":"<p>\u00a0 Le site internet \u00ab\u00a0patrimoinelesvalayans. fr\u00a0\u00bb est \u00e9dit\u00e9 par l&rsquo;Association des \u0152uvres Paroissiales des Valayans. Informations Nominatives Les informations recueillies aupr\u00e8s des personnes par le biais du formulaire de contact ne sauraient \u00eatre utilis\u00e9es \u00e0 usage commercial ou pour un quelconque d\u00e9marchage. Les informations envoy\u00e9es sont destin\u00e9es \u00e0 l\u2019Association des \u0152uvres Paroissiales des Valayans, qui [&hellip;]<\/p>\n","protected":false},"author":1,"featured_media":0,"parent":0,"menu_order":0,"comment_status":"closed","ping_status":"closed","template":"","meta":{"footnotes":""},"_links":{"self":[{"href":"https:\/\/patrimoinelesvalayans.fr\/index.php?rest_route=\/wp\/v2\/pages\/9"}],"collection":[{"href":"https:\/\/patrimoinelesvalayans.fr\/index.php?rest_route=\/wp\/v2\/pages"}],"about":[{"href":"https:\/\/patrimoinelesvalayans.fr\/index.php?rest_route=\/wp\/v2\/types\/page"}],"author":[{"embeddable":true,"href":"https:\/\/patrimoinelesvalayans.fr\/index.php?rest_route=\/wp\/v2\/users\/1"}],"replies":[{"embeddable":true,"href":"https:\/\/patrimoinelesvalayans.fr\/index.php?rest_route=%2Fwp%2Fv2%2Fcomments&post=9"}],"version-history":[{"count":101,"href":"https:\/\/patrimoinelesvalayans.fr\/index.php?rest_route=\/wp\/v2\/pages\/9\/revisions"}],"predecessor-version":[{"id":2863,"href":"https:\/\/patrimoinelesvalayans.fr\/index.php?rest_route=\/wp\/v2\/pages\/9\/revisions\/2863"}],"wp:attachment":[{"href":"https:\/\/patrimoinelesvalayans.fr\/index.php?rest_route=%2Fwp%2Fv2%2Fmedia&parent=9"}],"curies":[{"name":"wp","href":"https:\/\/api.w.org\/{rel}","templated":true}]}}